{"id":1537,"date":"2025-08-15T17:44:59","date_gmt":"2025-08-15T17:44:59","guid":{"rendered":"http:\/\/barsante.com.ar\/disegno\/producto\/sin%20categor\u00eda\/tulio\/"},"modified":"2026-01-26T23:55:41","modified_gmt":"2026-01-26T23:55:41","slug":"tulio","status":"publish","type":"product","link":"https:\/\/barsante.com.ar\/disegno\/producto\/espejos\/tulio\/","title":{"rendered":"tulio"},"content":{"rendered":"<p>Creado a partir de la secuencia de Fibonacci, donde cada parte es la proporci\u00f3n exacta de la siguiente, el crecimiento de las plantas y flores inspira la forma del maniqu\u00ed. La pieza tambi\u00e9n hace referencia a la planta s\u00edmbolo de la trascendencia espiritual y el equilibrio.<\/p>\n<p>Su espejo, ubicado en la parte superior de la composici\u00f3n, se posiciona perfectamente a la altura del rostro de quien se prepara para salir al d\u00eda a d\u00eda. La delicada bandeja ofrece espacio para objetos esenciales, mientras que bolsas y otros art\u00edculos pueden colgarse en sus delicadas patas torneadas en madera, creando una pieza funcional y llena de significado.<\/p>\n","protected":false},"excerpt":{"rendered":"<p>Creado a partir de la secuencia de Fibonacci, donde cada parte es la proporci\u00f3n exacta de la siguiente, el crecimiento de las plantas y flores inspira la forma del maniqu\u00ed. La pieza tambi\u00e9n hace referencia a la planta s\u00edmbolo de la trascendencia espiritual y el equilibrio. Su espejo, ubicado en la parte superior de la [&hellip;]<\/p>\n","protected":false},"featured_media":2700,"comment_status":"closed","ping_status":"closed","template":"","meta":{"_et_pb_use_builder":"on","_et_pb_old_content":"Creado a partir de la secuencia de Fibonacci, donde cada parte es la proporci\u00f3n exacta de la siguiente, el crecimiento de las plantas y flores inspira la forma del maniqu\u00ed. La pieza tambi\u00e9n hace referencia a la planta s\u00edmbolo de la trascendencia espiritual y el equilibrio.\r\n\r\nSu espejo, ubicado en la parte superior de la composici\u00f3n, se posiciona perfectamente a la altura del rostro de quien se prepara para salir al d\u00eda a d\u00eda. La delicada bandeja ofrece espacio para objetos esenciales, mientras que bolsas y otros art\u00edculos pueden colgarse en sus delicadas patas torneadas en madera, creando una pieza funcional y llena de significado.","_et_gb_content_width":""},"product_brand":[],"product_cat":[23],"product_tag":[42],"class_list":{"0":"post-1537","1":"product","2":"type-product","3":"status-publish","4":"has-post-thumbnail","6":"product_cat-espejos","7":"product_tag-2_fotos","9":"first","10":"instock","11":"product-type-simple"},"_links":{"self":[{"href":"https:\/\/barsante.com.ar\/disegno\/wp-json\/wp\/v2\/product\/1537","targetHints":{"allow":["GET"]}}],"collection":[{"href":"https:\/\/barsante.com.ar\/disegno\/wp-json\/wp\/v2\/product"}],"about":[{"href":"https:\/\/barsante.com.ar\/disegno\/wp-json\/wp\/v2\/types\/product"}],"replies":[{"embeddable":true,"href":"https:\/\/barsante.com.ar\/disegno\/wp-json\/wp\/v2\/comments?post=1537"}],"wp:featuredmedia":[{"embeddable":true,"href":"https:\/\/barsante.com.ar\/disegno\/wp-json\/wp\/v2\/media\/2700"}],"wp:attachment":[{"href":"https:\/\/barsante.com.ar\/disegno\/wp-json\/wp\/v2\/media?parent=1537"}],"wp:term":[{"taxonomy":"product_brand","embeddable":true,"href":"https:\/\/barsante.com.ar\/disegno\/wp-json\/wp\/v2\/product_brand?post=1537"},{"taxonomy":"product_cat","embeddable":true,"href":"https:\/\/barsante.com.ar\/disegno\/wp-json\/wp\/v2\/product_cat?post=1537"},{"taxonomy":"product_tag","embeddable":true,"href":"https:\/\/barsante.com.ar\/disegno\/wp-json\/wp\/v2\/product_tag?post=1537"}],"curies":[{"name":"wp","href":"https:\/\/api.w.org\/{rel}","templated":true}]}}