{"id":2105,"date":"2025-08-20T16:45:17","date_gmt":"2025-08-20T16:45:17","guid":{"rendered":"http:\/\/barsante.com.ar\/disegno\/?post_type=product&#038;p=2105"},"modified":"2026-03-04T18:41:41","modified_gmt":"2026-03-04T18:41:41","slug":"bologna-aparador","status":"publish","type":"product","link":"https:\/\/barsante.com.ar\/disegno\/producto\/mesas\/mesas-recibidor\/bologna-aparador\/","title":{"rendered":"bologna"},"content":{"rendered":"<p>La linea Bologna combina lo moderno con lo contempor\u00e1neo, realzado por el encanto de la madera. Su base presenta un dise\u00f1o que se adapta f\u00e1cilmente a diferentes tipos de ambientes. Su sobre con esquinas redondeadas aporta un toque de estilo y confort adicional a tu hogar.<\/p>\n","protected":false},"excerpt":{"rendered":"<p>La linea Bologna combina lo moderno con lo contempor\u00e1neo, realzado por el encanto de la madera. Su base presenta un dise\u00f1o que se adapta f\u00e1cilmente a diferentes tipos de ambientes. Su sobre con esquinas redondeadas aporta un toque de estilo y confort adicional a tu hogar.<\/p>\n","protected":false},"featured_media":2549,"comment_status":"closed","ping_status":"closed","template":"","meta":{"_et_pb_use_builder":"","_et_pb_old_content":"","_et_gb_content_width":""},"product_brand":[],"product_cat":[54],"product_tag":[42],"class_list":{"0":"post-2105","1":"product","2":"type-product","3":"status-publish","4":"has-post-thumbnail","6":"product_cat-mesas-recibidor","7":"product_tag-2_fotos","9":"first","10":"instock","11":"product-type-simple"},"_links":{"self":[{"href":"https:\/\/barsante.com.ar\/disegno\/wp-json\/wp\/v2\/product\/2105","targetHints":{"allow":["GET"]}}],"collection":[{"href":"https:\/\/barsante.com.ar\/disegno\/wp-json\/wp\/v2\/product"}],"about":[{"href":"https:\/\/barsante.com.ar\/disegno\/wp-json\/wp\/v2\/types\/product"}],"replies":[{"embeddable":true,"href":"https:\/\/barsante.com.ar\/disegno\/wp-json\/wp\/v2\/comments?post=2105"}],"wp:featuredmedia":[{"embeddable":true,"href":"https:\/\/barsante.com.ar\/disegno\/wp-json\/wp\/v2\/media\/2549"}],"wp:attachment":[{"href":"https:\/\/barsante.com.ar\/disegno\/wp-json\/wp\/v2\/media?parent=2105"}],"wp:term":[{"taxonomy":"product_brand","embeddable":true,"href":"https:\/\/barsante.com.ar\/disegno\/wp-json\/wp\/v2\/product_brand?post=2105"},{"taxonomy":"product_cat","embeddable":true,"href":"https:\/\/barsante.com.ar\/disegno\/wp-json\/wp\/v2\/product_cat?post=2105"},{"taxonomy":"product_tag","embeddable":true,"href":"https:\/\/barsante.com.ar\/disegno\/wp-json\/wp\/v2\/product_tag?post=2105"}],"curies":[{"name":"wp","href":"https:\/\/api.w.org\/{rel}","templated":true}]}}