{"id":2279,"date":"2025-11-27T17:15:47","date_gmt":"2025-11-27T17:15:47","guid":{"rendered":"http:\/\/barsante.com.ar\/disegno\/?post_type=product&#038;p=2279"},"modified":"2026-02-12T13:48:26","modified_gmt":"2026-02-12T13:48:26","slug":"cecilia","status":"publish","type":"product","link":"https:\/\/barsante.com.ar\/disegno\/producto\/sillas\/cecilia\/","title":{"rendered":"Cecilia"},"content":{"rendered":"<p data-pm-slice=\"1 1 []\">La silla Cecilia se inspira en la forma circular. Con respaldo de madera maciza tallada, ofrece comodidad al sentarse y una sensaci\u00f3n de ligereza visual. El dise\u00f1o de la parte posterior es el gran destaque de esta pieza, que puede funcionar tanto como poltrona como tambi\u00e9n como silla para mesas de comedor o de oficina.<\/p>\n","protected":false},"excerpt":{"rendered":"<p>La silla Cecilia se inspira en la forma circular. Con respaldo de madera maciza tallada, ofrece comodidad al sentarse y una sensaci\u00f3n de ligereza visual. El dise\u00f1o de la parte posterior es el gran destaque de esta pieza, que puede funcionar tanto como poltrona como tambi\u00e9n como silla para mesas de comedor o de oficina.<\/p>\n","protected":false},"featured_media":2280,"comment_status":"open","ping_status":"closed","template":"","meta":{"_et_pb_use_builder":"","_et_pb_old_content":"","_et_gb_content_width":""},"product_brand":[],"product_cat":[16],"product_tag":[],"class_list":{"0":"post-2279","1":"product","2":"type-product","3":"status-publish","4":"has-post-thumbnail","6":"product_cat-sillas","8":"first","9":"instock","10":"shipping-taxable","11":"product-type-simple"},"_links":{"self":[{"href":"https:\/\/barsante.com.ar\/disegno\/wp-json\/wp\/v2\/product\/2279","targetHints":{"allow":["GET"]}}],"collection":[{"href":"https:\/\/barsante.com.ar\/disegno\/wp-json\/wp\/v2\/product"}],"about":[{"href":"https:\/\/barsante.com.ar\/disegno\/wp-json\/wp\/v2\/types\/product"}],"replies":[{"embeddable":true,"href":"https:\/\/barsante.com.ar\/disegno\/wp-json\/wp\/v2\/comments?post=2279"}],"wp:featuredmedia":[{"embeddable":true,"href":"https:\/\/barsante.com.ar\/disegno\/wp-json\/wp\/v2\/media\/2280"}],"wp:attachment":[{"href":"https:\/\/barsante.com.ar\/disegno\/wp-json\/wp\/v2\/media?parent=2279"}],"wp:term":[{"taxonomy":"product_brand","embeddable":true,"href":"https:\/\/barsante.com.ar\/disegno\/wp-json\/wp\/v2\/product_brand?post=2279"},{"taxonomy":"product_cat","embeddable":true,"href":"https:\/\/barsante.com.ar\/disegno\/wp-json\/wp\/v2\/product_cat?post=2279"},{"taxonomy":"product_tag","embeddable":true,"href":"https:\/\/barsante.com.ar\/disegno\/wp-json\/wp\/v2\/product_tag?post=2279"}],"curies":[{"name":"wp","href":"https:\/\/api.w.org\/{rel}","templated":true}]}}