{"id":2483,"date":"2025-12-01T19:20:31","date_gmt":"2025-12-01T19:20:31","guid":{"rendered":"http:\/\/barsante.com.ar\/disegno\/?post_type=product&#038;p=2483"},"modified":"2026-02-11T19:51:12","modified_gmt":"2026-02-11T19:51:12","slug":"agata","status":"publish","type":"product","link":"https:\/\/barsante.com.ar\/disegno\/producto\/sillones\/agata\/","title":{"rendered":"Agata"},"content":{"rendered":"<p data-pm-slice=\"1 1 []\">La Poltrona Agata representa la m\u00e1xima expresi\u00f3n entre t\u00e9cnica y arte, unidas en una pieza con atributos \u00fanicos.<\/p>\n<p>Su delicado respaldo revestido en rejilla de paja incorpora la tradici\u00f3n del dise\u00f1o brasile\u00f1o al conjunto, que se armoniza perfectamente con las curvas moldeadas en MDF y madera maciza, trabajadas con recursos de \u00faltima generaci\u00f3n.<\/p>\n<p>El contraste entre materiales no le resta coherencia ni suavidad: la pieza descansa delicadamente sobre el suelo, sostenida por patas torneadas que se integran en una estructura racional, pero nada obvia.<\/p>\n","protected":false},"excerpt":{"rendered":"<p>La Poltrona Agata representa la m\u00e1xima expresi\u00f3n entre t\u00e9cnica y arte, unidas en una pieza con atributos \u00fanicos. Su delicado respaldo revestido en rejilla de paja incorpora la tradici\u00f3n del dise\u00f1o brasile\u00f1o al conjunto, que se armoniza perfectamente con las curvas moldeadas en MDF y madera maciza, trabajadas con recursos de \u00faltima generaci\u00f3n. El contraste [&hellip;]<\/p>\n","protected":false},"featured_media":2492,"comment_status":"open","ping_status":"closed","template":"","meta":{"_et_pb_use_builder":"","_et_pb_old_content":"","_et_gb_content_width":""},"product_brand":[],"product_cat":[22],"product_tag":[],"class_list":{"0":"post-2483","1":"product","2":"type-product","3":"status-publish","4":"has-post-thumbnail","6":"product_cat-sillones","8":"first","9":"instock","10":"shipping-taxable","11":"product-type-simple"},"_links":{"self":[{"href":"https:\/\/barsante.com.ar\/disegno\/wp-json\/wp\/v2\/product\/2483","targetHints":{"allow":["GET"]}}],"collection":[{"href":"https:\/\/barsante.com.ar\/disegno\/wp-json\/wp\/v2\/product"}],"about":[{"href":"https:\/\/barsante.com.ar\/disegno\/wp-json\/wp\/v2\/types\/product"}],"replies":[{"embeddable":true,"href":"https:\/\/barsante.com.ar\/disegno\/wp-json\/wp\/v2\/comments?post=2483"}],"wp:featuredmedia":[{"embeddable":true,"href":"https:\/\/barsante.com.ar\/disegno\/wp-json\/wp\/v2\/media\/2492"}],"wp:attachment":[{"href":"https:\/\/barsante.com.ar\/disegno\/wp-json\/wp\/v2\/media?parent=2483"}],"wp:term":[{"taxonomy":"product_brand","embeddable":true,"href":"https:\/\/barsante.com.ar\/disegno\/wp-json\/wp\/v2\/product_brand?post=2483"},{"taxonomy":"product_cat","embeddable":true,"href":"https:\/\/barsante.com.ar\/disegno\/wp-json\/wp\/v2\/product_cat?post=2483"},{"taxonomy":"product_tag","embeddable":true,"href":"https:\/\/barsante.com.ar\/disegno\/wp-json\/wp\/v2\/product_tag?post=2483"}],"curies":[{"name":"wp","href":"https:\/\/api.w.org\/{rel}","templated":true}]}}