{"id":2711,"date":"2026-01-27T16:04:39","date_gmt":"2026-01-27T16:04:39","guid":{"rendered":"http:\/\/barsante.com.ar\/disegno\/?post_type=product&#038;p=2711"},"modified":"2026-01-27T16:11:59","modified_gmt":"2026-01-27T16:11:59","slug":"alfombra-gaia","status":"publish","type":"product","link":"https:\/\/barsante.com.ar\/disegno\/producto\/alfombras\/alfombra-gaia\/","title":{"rendered":"Gaia"},"content":{"rendered":"<div class=\"TypographyPresentation TypographyPresentation--medium RichText3-paragraph--withVSpacingNormal RichText3-paragraph HighlightSol HighlightSol--buildingBlock\"><strong>Informaci\u00f3n Adicional<\/strong><\/div>\n<div class=\"TypographyPresentation TypographyPresentation--medium RichText3-paragraph--withVSpacingNormal RichText3-paragraph HighlightSol HighlightSol--buildingBlock\">No raya el piso, cuenta con una base antideslizante, es un producto lavable y presenta alta resistencia al desvanecimiento.<\/div>\n<div class=\"TypographyPresentation TypographyPresentation--medium RichText3-paragraph--withVSpacingNormal RichText3-paragraph HighlightSol HighlightSol--buildingBlock\"><\/div>\n<div class=\"TypographyPresentation TypographyPresentation--medium RichText3-paragraph--withVSpacingNormal RichText3-paragraph HighlightSol HighlightSol--buildingBlock\"><strong>Caracter\u00edsticas T\u00e9cnicas<\/strong><\/div>\n<div class=\"TypographyPresentation TypographyPresentation--medium RichText3-paragraph--withVSpacingNormal RichText3-paragraph HighlightSol HighlightSol--buildingBlock\">Tiene un espesor de 4 mm, se fabrica mediante el sistema Jacquard, su superficie tiene un aspecto boucl\u00e9, est\u00e1 compuesta en un 100% por hilo Roselan<img decoding=\"async\" class=\"Emoji\" title=\":registered:\" src=\"data:image\/png;base64,iVBORw0KGgoAAAANSUhEUgAAAAEAAAABCAQAAAC1HAwCAAAAC0lEQVR42mNgYAAAAAMAASsJTYQAAAAASUVORK5CYII=\" alt=\"\u00ae&#xfe0f;\" \/> y su acabado incluye bies y barra doblada en dos extremos.<\/div>\n","protected":false},"excerpt":{"rendered":"<p>Informaci\u00f3n Adicional No raya el piso, cuenta con una base antideslizante, es un producto lavable y presenta alta resistencia al desvanecimiento. Caracter\u00edsticas T\u00e9cnicas Tiene un espesor de 4 mm, se fabrica mediante el sistema Jacquard, su superficie tiene un aspecto boucl\u00e9, est\u00e1 compuesta en un 100% por hilo Roselan y su acabado incluye bies y [&hellip;]<\/p>\n","protected":false},"featured_media":2712,"comment_status":"open","ping_status":"closed","template":"","meta":{"_et_pb_use_builder":"","_et_pb_old_content":"","_et_gb_content_width":""},"product_brand":[],"product_cat":[26],"product_tag":[],"class_list":{"0":"post-2711","1":"product","2":"type-product","3":"status-publish","4":"has-post-thumbnail","6":"product_cat-alfombras","8":"first","9":"instock","10":"shipping-taxable","11":"product-type-simple"},"_links":{"self":[{"href":"https:\/\/barsante.com.ar\/disegno\/wp-json\/wp\/v2\/product\/2711","targetHints":{"allow":["GET"]}}],"collection":[{"href":"https:\/\/barsante.com.ar\/disegno\/wp-json\/wp\/v2\/product"}],"about":[{"href":"https:\/\/barsante.com.ar\/disegno\/wp-json\/wp\/v2\/types\/product"}],"replies":[{"embeddable":true,"href":"https:\/\/barsante.com.ar\/disegno\/wp-json\/wp\/v2\/comments?post=2711"}],"wp:featuredmedia":[{"embeddable":true,"href":"https:\/\/barsante.com.ar\/disegno\/wp-json\/wp\/v2\/media\/2712"}],"wp:attachment":[{"href":"https:\/\/barsante.com.ar\/disegno\/wp-json\/wp\/v2\/media?parent=2711"}],"wp:term":[{"taxonomy":"product_brand","embeddable":true,"href":"https:\/\/barsante.com.ar\/disegno\/wp-json\/wp\/v2\/product_brand?post=2711"},{"taxonomy":"product_cat","embeddable":true,"href":"https:\/\/barsante.com.ar\/disegno\/wp-json\/wp\/v2\/product_cat?post=2711"},{"taxonomy":"product_tag","embeddable":true,"href":"https:\/\/barsante.com.ar\/disegno\/wp-json\/wp\/v2\/product_tag?post=2711"}],"curies":[{"name":"wp","href":"https:\/\/api.w.org\/{rel}","templated":true}]}}