{"id":3221,"date":"2026-02-23T13:59:28","date_gmt":"2026-02-23T13:59:28","guid":{"rendered":"http:\/\/barsante.com.ar\/disegno\/?post_type=product&#038;p=3221"},"modified":"2026-02-23T14:06:23","modified_gmt":"2026-02-23T14:06:23","slug":"flora","status":"publish","type":"product","link":"https:\/\/barsante.com.ar\/disegno\/producto\/sillones\/flora\/","title":{"rendered":"Flora"},"content":{"rendered":"<p><span style=\"font-weight: 400;\">Haciendo una referencia directa a la cultura regional de R\u00edo Grande do Sul, el sill\u00f3n <\/span><b>Flora<\/b><span style=\"font-weight: 400;\"> evoca el fruto \u00edcono del estado, presente en los inviernos fr\u00edos y en los encuentros compartidos entre familia y amigos.<\/span><\/p>\n<p><span style=\"font-weight: 400;\">La singularidad de los gajos de la fruta, al ser pelada, se traduce en sus formas curvas y voluminosas, creando una silueta envolvente que invita al relax y a la distensi\u00f3n. Una pieza \u00fanica, cargada de significado, con un protagonismo encantador que marca presencia y propone una experiencia de sentado verdaderamente especial.<\/span><\/p>\n","protected":false},"excerpt":{"rendered":"<p>Haciendo una referencia directa a la cultura regional de R\u00edo Grande do Sul, el sill\u00f3n Flora evoca el fruto \u00edcono del estado, presente en los inviernos fr\u00edos y en los encuentros compartidos entre familia y amigos. La singularidad de los gajos de la fruta, al ser pelada, se traduce en sus formas curvas y voluminosas, [&hellip;]<\/p>\n","protected":false},"featured_media":3222,"comment_status":"closed","ping_status":"closed","template":"","meta":{"_et_pb_use_builder":"","_et_pb_old_content":"","_et_gb_content_width":""},"product_brand":[],"product_cat":[22],"product_tag":[],"class_list":{"0":"post-3221","1":"product","2":"type-product","3":"status-publish","4":"has-post-thumbnail","6":"product_cat-sillones","8":"first","9":"instock","10":"product-type-simple"},"_links":{"self":[{"href":"https:\/\/barsante.com.ar\/disegno\/wp-json\/wp\/v2\/product\/3221","targetHints":{"allow":["GET"]}}],"collection":[{"href":"https:\/\/barsante.com.ar\/disegno\/wp-json\/wp\/v2\/product"}],"about":[{"href":"https:\/\/barsante.com.ar\/disegno\/wp-json\/wp\/v2\/types\/product"}],"replies":[{"embeddable":true,"href":"https:\/\/barsante.com.ar\/disegno\/wp-json\/wp\/v2\/comments?post=3221"}],"wp:featuredmedia":[{"embeddable":true,"href":"https:\/\/barsante.com.ar\/disegno\/wp-json\/wp\/v2\/media\/3222"}],"wp:attachment":[{"href":"https:\/\/barsante.com.ar\/disegno\/wp-json\/wp\/v2\/media?parent=3221"}],"wp:term":[{"taxonomy":"product_brand","embeddable":true,"href":"https:\/\/barsante.com.ar\/disegno\/wp-json\/wp\/v2\/product_brand?post=3221"},{"taxonomy":"product_cat","embeddable":true,"href":"https:\/\/barsante.com.ar\/disegno\/wp-json\/wp\/v2\/product_cat?post=3221"},{"taxonomy":"product_tag","embeddable":true,"href":"https:\/\/barsante.com.ar\/disegno\/wp-json\/wp\/v2\/product_tag?post=3221"}],"curies":[{"name":"wp","href":"https:\/\/api.w.org\/{rel}","templated":true}]}}