{"id":3432,"date":"2026-02-26T19:29:15","date_gmt":"2026-02-26T19:29:15","guid":{"rendered":"http:\/\/barsante.com.ar\/disegno\/?post_type=product&#038;p=3432"},"modified":"2026-02-26T19:37:53","modified_gmt":"2026-02-26T19:37:53","slug":"aventino","status":"publish","type":"product","link":"https:\/\/barsante.com.ar\/disegno\/producto\/mesas\/mesas-recibidor\/aventino\/","title":{"rendered":"Aventino"},"content":{"rendered":"<p>Los aparadores Aventino forman un conjunto de dos piezas en diferentes alturas, que pueden utilizarse juntas o por separado. El elemento en \u201cV\u201d mantiene el sobre suspendido y refuerza la identidad de la l\u00ednea.<\/p>\n<p>Fabricados en MDF, compensado y madera maciza, su forma minimalista y la simplicidad de la composici\u00f3n garantizan sofisticaci\u00f3n y aportan versatilidad para integrarse en cualquier ambiente.<\/p>\n<p>Medidas:<br \/>\nBaja: A 73cm | L 150cm | P 35cm<br \/>\nAlta: A 83cm | L 180cm | P 35cm<\/p>\n","protected":false},"excerpt":{"rendered":"<p>Los aparadores Aventino forman un conjunto de dos piezas en diferentes alturas, que pueden utilizarse juntas o por separado. El elemento en \u201cV\u201d mantiene el sobre suspendido y refuerza la identidad de la l\u00ednea. Fabricados en MDF, compensado y madera maciza, su forma minimalista y la simplicidad de la composici\u00f3n garantizan sofisticaci\u00f3n y aportan versatilidad [&hellip;]<\/p>\n","protected":false},"featured_media":3437,"comment_status":"open","ping_status":"closed","template":"","meta":{"_et_pb_use_builder":"","_et_pb_old_content":"","_et_gb_content_width":""},"product_brand":[],"product_cat":[54],"product_tag":[],"class_list":{"0":"post-3432","1":"product","2":"type-product","3":"status-publish","4":"has-post-thumbnail","6":"product_cat-mesas-recibidor","8":"first","9":"instock","10":"shipping-taxable","11":"product-type-simple"},"_links":{"self":[{"href":"https:\/\/barsante.com.ar\/disegno\/wp-json\/wp\/v2\/product\/3432","targetHints":{"allow":["GET"]}}],"collection":[{"href":"https:\/\/barsante.com.ar\/disegno\/wp-json\/wp\/v2\/product"}],"about":[{"href":"https:\/\/barsante.com.ar\/disegno\/wp-json\/wp\/v2\/types\/product"}],"replies":[{"embeddable":true,"href":"https:\/\/barsante.com.ar\/disegno\/wp-json\/wp\/v2\/comments?post=3432"}],"wp:featuredmedia":[{"embeddable":true,"href":"https:\/\/barsante.com.ar\/disegno\/wp-json\/wp\/v2\/media\/3437"}],"wp:attachment":[{"href":"https:\/\/barsante.com.ar\/disegno\/wp-json\/wp\/v2\/media?parent=3432"}],"wp:term":[{"taxonomy":"product_brand","embeddable":true,"href":"https:\/\/barsante.com.ar\/disegno\/wp-json\/wp\/v2\/product_brand?post=3432"},{"taxonomy":"product_cat","embeddable":true,"href":"https:\/\/barsante.com.ar\/disegno\/wp-json\/wp\/v2\/product_cat?post=3432"},{"taxonomy":"product_tag","embeddable":true,"href":"https:\/\/barsante.com.ar\/disegno\/wp-json\/wp\/v2\/product_tag?post=3432"}],"curies":[{"name":"wp","href":"https:\/\/api.w.org\/{rel}","templated":true}]}}