{"id":3516,"date":"2026-02-27T13:48:15","date_gmt":"2026-02-27T13:48:15","guid":{"rendered":"http:\/\/barsante.com.ar\/disegno\/?post_type=product&#038;p=3516"},"modified":"2026-02-27T13:54:48","modified_gmt":"2026-02-27T13:54:48","slug":"lorena-sin-brazos","status":"publish","type":"product","link":"https:\/\/barsante.com.ar\/disegno\/producto\/sillas\/lorena-sin-brazos\/","title":{"rendered":"Lorena sin brazos"},"content":{"rendered":"<p>La silla Lorena combina ligereza visual y resistencia con su estructura de madera maciza que mantiene el asiento suspendido.<\/p>\n<p>Confortable y ergon\u00f3micamente ajustada, presenta un tapizado envolvente y detalle posterior en cuero y metal. Disponible en versiones con y sin brazos, se integra con armon\u00eda en comedores contempor\u00e1neos, uniendo funcionalidad y una sofisticaci\u00f3n discreta.<\/p>\n","protected":false},"excerpt":{"rendered":"<p>La silla Lorena combina ligereza visual y resistencia con su estructura de madera maciza que mantiene el asiento suspendido. Confortable y ergon\u00f3micamente ajustada, presenta un tapizado envolvente y detalle posterior en cuero y metal. Disponible en versiones con y sin brazos, se integra con armon\u00eda en comedores contempor\u00e1neos, uniendo funcionalidad y una sofisticaci\u00f3n discreta.<\/p>\n","protected":false},"featured_media":3518,"comment_status":"open","ping_status":"closed","template":"","meta":{"_et_pb_use_builder":"","_et_pb_old_content":"","_et_gb_content_width":""},"product_brand":[],"product_cat":[16],"product_tag":[],"class_list":{"0":"post-3516","1":"product","2":"type-product","3":"status-publish","4":"has-post-thumbnail","6":"product_cat-sillas","8":"first","9":"instock","10":"shipping-taxable","11":"product-type-simple"},"_links":{"self":[{"href":"https:\/\/barsante.com.ar\/disegno\/wp-json\/wp\/v2\/product\/3516","targetHints":{"allow":["GET"]}}],"collection":[{"href":"https:\/\/barsante.com.ar\/disegno\/wp-json\/wp\/v2\/product"}],"about":[{"href":"https:\/\/barsante.com.ar\/disegno\/wp-json\/wp\/v2\/types\/product"}],"replies":[{"embeddable":true,"href":"https:\/\/barsante.com.ar\/disegno\/wp-json\/wp\/v2\/comments?post=3516"}],"wp:featuredmedia":[{"embeddable":true,"href":"https:\/\/barsante.com.ar\/disegno\/wp-json\/wp\/v2\/media\/3518"}],"wp:attachment":[{"href":"https:\/\/barsante.com.ar\/disegno\/wp-json\/wp\/v2\/media?parent=3516"}],"wp:term":[{"taxonomy":"product_brand","embeddable":true,"href":"https:\/\/barsante.com.ar\/disegno\/wp-json\/wp\/v2\/product_brand?post=3516"},{"taxonomy":"product_cat","embeddable":true,"href":"https:\/\/barsante.com.ar\/disegno\/wp-json\/wp\/v2\/product_cat?post=3516"},{"taxonomy":"product_tag","embeddable":true,"href":"https:\/\/barsante.com.ar\/disegno\/wp-json\/wp\/v2\/product_tag?post=3516"}],"curies":[{"name":"wp","href":"https:\/\/api.w.org\/{rel}","templated":true}]}}