{"id":3592,"date":"2026-02-27T19:47:35","date_gmt":"2026-02-27T19:47:35","guid":{"rendered":"http:\/\/barsante.com.ar\/disegno\/?post_type=product&#038;p=3592"},"modified":"2026-03-02T11:47:33","modified_gmt":"2026-03-02T11:47:33","slug":"juliana","status":"publish","type":"product","link":"https:\/\/barsante.com.ar\/disegno\/producto\/sillas\/juliana\/","title":{"rendered":"Juliana"},"content":{"rendered":"<p data-pm-slice=\"1 1 []\">La <strong>silla Juliana<\/strong> es un tributo a la belleza de las formas org\u00e1nicas y naturales. En ella, la b\u00fasqueda constante por reinterpretar lo mejor de la naturaleza se materializa en cada l\u00ednea y cada detalle.<\/p>\n<p>Cada curva refleja la esencia y autenticidad de los elementos naturales, dando forma a una pieza que transmite equilibrio, sensibilidad y conexi\u00f3n con su entorno.<\/p>\n","protected":false},"excerpt":{"rendered":"<p>La silla Juliana es un tributo a la belleza de las formas org\u00e1nicas y naturales. En ella, la b\u00fasqueda constante por reinterpretar lo mejor de la naturaleza se materializa en cada l\u00ednea y cada detalle. Cada curva refleja la esencia y autenticidad de los elementos naturales, dando forma a una pieza que transmite equilibrio, sensibilidad [&hellip;]<\/p>\n","protected":false},"featured_media":3596,"comment_status":"open","ping_status":"closed","template":"","meta":{"_et_pb_use_builder":"","_et_pb_old_content":"","_et_gb_content_width":""},"product_brand":[],"product_cat":[16],"product_tag":[],"class_list":{"0":"post-3592","1":"product","2":"type-product","3":"status-publish","4":"has-post-thumbnail","6":"product_cat-sillas","8":"first","9":"instock","10":"shipping-taxable","11":"product-type-simple"},"_links":{"self":[{"href":"https:\/\/barsante.com.ar\/disegno\/wp-json\/wp\/v2\/product\/3592","targetHints":{"allow":["GET"]}}],"collection":[{"href":"https:\/\/barsante.com.ar\/disegno\/wp-json\/wp\/v2\/product"}],"about":[{"href":"https:\/\/barsante.com.ar\/disegno\/wp-json\/wp\/v2\/types\/product"}],"replies":[{"embeddable":true,"href":"https:\/\/barsante.com.ar\/disegno\/wp-json\/wp\/v2\/comments?post=3592"}],"wp:featuredmedia":[{"embeddable":true,"href":"https:\/\/barsante.com.ar\/disegno\/wp-json\/wp\/v2\/media\/3596"}],"wp:attachment":[{"href":"https:\/\/barsante.com.ar\/disegno\/wp-json\/wp\/v2\/media?parent=3592"}],"wp:term":[{"taxonomy":"product_brand","embeddable":true,"href":"https:\/\/barsante.com.ar\/disegno\/wp-json\/wp\/v2\/product_brand?post=3592"},{"taxonomy":"product_cat","embeddable":true,"href":"https:\/\/barsante.com.ar\/disegno\/wp-json\/wp\/v2\/product_cat?post=3592"},{"taxonomy":"product_tag","embeddable":true,"href":"https:\/\/barsante.com.ar\/disegno\/wp-json\/wp\/v2\/product_tag?post=3592"}],"curies":[{"name":"wp","href":"https:\/\/api.w.org\/{rel}","templated":true}]}}