{"id":3662,"date":"2026-03-03T12:53:45","date_gmt":"2026-03-03T12:53:45","guid":{"rendered":"http:\/\/barsante.com.ar\/disegno\/?post_type=product&#038;p=3662"},"modified":"2026-03-03T12:53:46","modified_gmt":"2026-03-03T12:53:46","slug":"banco-verbena","status":"publish","type":"product","link":"https:\/\/barsante.com.ar\/disegno\/producto\/muebles-outdoor\/banco-verbena\/","title":{"rendered":"BANCO VERBENA"},"content":{"rendered":"<p data-pm-slice=\"1 1 []\">Vers\u00e1til y con mucho estilo, el banco Verbena puede acompa\u00f1ar una mesa de comedor o integrarse en un living relajado. Inspirada en la ic\u00f3nica silla de director, aqu\u00ed se presenta en versiones con fundas pr\u00e1cticas, perfectas para la vida costera. Con estructura s\u00f3lida y dise\u00f1o liviano, remite a los paseos mar\u00edtimos y beach clubs: un encanto urbano con esp\u00edritu de playa.<\/p>\n","protected":false},"excerpt":{"rendered":"<p>Vers\u00e1til y con mucho estilo, el banco Verbena puede acompa\u00f1ar una mesa de comedor o integrarse en un living relajado. Inspirada en la ic\u00f3nica silla de director, aqu\u00ed se presenta en versiones con fundas pr\u00e1cticas, perfectas para la vida costera. Con estructura s\u00f3lida y dise\u00f1o liviano, remite a los paseos mar\u00edtimos y beach clubs: un [&hellip;]<\/p>\n","protected":false},"featured_media":3663,"comment_status":"open","ping_status":"closed","template":"","meta":{"_et_pb_use_builder":"","_et_pb_old_content":"","_et_gb_content_width":""},"product_brand":[],"product_cat":[57],"product_tag":[],"class_list":{"0":"post-3662","1":"product","2":"type-product","3":"status-publish","4":"has-post-thumbnail","6":"product_cat-muebles-outdoor","8":"first","9":"instock","10":"shipping-taxable","11":"product-type-simple"},"_links":{"self":[{"href":"https:\/\/barsante.com.ar\/disegno\/wp-json\/wp\/v2\/product\/3662","targetHints":{"allow":["GET"]}}],"collection":[{"href":"https:\/\/barsante.com.ar\/disegno\/wp-json\/wp\/v2\/product"}],"about":[{"href":"https:\/\/barsante.com.ar\/disegno\/wp-json\/wp\/v2\/types\/product"}],"replies":[{"embeddable":true,"href":"https:\/\/barsante.com.ar\/disegno\/wp-json\/wp\/v2\/comments?post=3662"}],"wp:featuredmedia":[{"embeddable":true,"href":"https:\/\/barsante.com.ar\/disegno\/wp-json\/wp\/v2\/media\/3663"}],"wp:attachment":[{"href":"https:\/\/barsante.com.ar\/disegno\/wp-json\/wp\/v2\/media?parent=3662"}],"wp:term":[{"taxonomy":"product_brand","embeddable":true,"href":"https:\/\/barsante.com.ar\/disegno\/wp-json\/wp\/v2\/product_brand?post=3662"},{"taxonomy":"product_cat","embeddable":true,"href":"https:\/\/barsante.com.ar\/disegno\/wp-json\/wp\/v2\/product_cat?post=3662"},{"taxonomy":"product_tag","embeddable":true,"href":"https:\/\/barsante.com.ar\/disegno\/wp-json\/wp\/v2\/product_tag?post=3662"}],"curies":[{"name":"wp","href":"https:\/\/api.w.org\/{rel}","templated":true}]}}