{"id":3679,"date":"2026-03-03T14:08:21","date_gmt":"2026-03-03T14:08:21","guid":{"rendered":"http:\/\/barsante.com.ar\/disegno\/?post_type=product&#038;p=3679"},"modified":"2026-03-03T14:08:22","modified_gmt":"2026-03-03T14:08:22","slug":"reposera-niza-sun","status":"publish","type":"product","link":"https:\/\/barsante.com.ar\/disegno\/producto\/muebles-outdoor\/reposera-niza-sun\/","title":{"rendered":"REPOSERA NIZA SUN"},"content":{"rendered":"<p data-pm-slice=\"1 1 []\">Niza sun transmite una energ\u00eda vibrante, de mar intenso y sol fuerte. Esta reposera rinde homenaje a esa fuerza con formas elegantes y funcionales. Permite diferentes posturas de descanso, desde la lectura bajo la sombrilla hasta una siesta despu\u00e9s del ba\u00f1o. Su dise\u00f1o articulado ofrece confort con estilo y se adapta f\u00e1cilmente tanto a ambientes interiores como exteriores.<\/p>\n","protected":false},"excerpt":{"rendered":"<p>Niza sun transmite una energ\u00eda vibrante, de mar intenso y sol fuerte. Esta reposera rinde homenaje a esa fuerza con formas elegantes y funcionales. Permite diferentes posturas de descanso, desde la lectura bajo la sombrilla hasta una siesta despu\u00e9s del ba\u00f1o. Su dise\u00f1o articulado ofrece confort con estilo y se adapta f\u00e1cilmente tanto a ambientes [&hellip;]<\/p>\n","protected":false},"featured_media":3680,"comment_status":"open","ping_status":"closed","template":"","meta":{"_et_pb_use_builder":"","_et_pb_old_content":"","_et_gb_content_width":""},"product_brand":[],"product_cat":[57],"product_tag":[],"class_list":{"0":"post-3679","1":"product","2":"type-product","3":"status-publish","4":"has-post-thumbnail","6":"product_cat-muebles-outdoor","8":"first","9":"instock","10":"shipping-taxable","11":"product-type-simple"},"_links":{"self":[{"href":"https:\/\/barsante.com.ar\/disegno\/wp-json\/wp\/v2\/product\/3679","targetHints":{"allow":["GET"]}}],"collection":[{"href":"https:\/\/barsante.com.ar\/disegno\/wp-json\/wp\/v2\/product"}],"about":[{"href":"https:\/\/barsante.com.ar\/disegno\/wp-json\/wp\/v2\/types\/product"}],"replies":[{"embeddable":true,"href":"https:\/\/barsante.com.ar\/disegno\/wp-json\/wp\/v2\/comments?post=3679"}],"wp:featuredmedia":[{"embeddable":true,"href":"https:\/\/barsante.com.ar\/disegno\/wp-json\/wp\/v2\/media\/3680"}],"wp:attachment":[{"href":"https:\/\/barsante.com.ar\/disegno\/wp-json\/wp\/v2\/media?parent=3679"}],"wp:term":[{"taxonomy":"product_brand","embeddable":true,"href":"https:\/\/barsante.com.ar\/disegno\/wp-json\/wp\/v2\/product_brand?post=3679"},{"taxonomy":"product_cat","embeddable":true,"href":"https:\/\/barsante.com.ar\/disegno\/wp-json\/wp\/v2\/product_cat?post=3679"},{"taxonomy":"product_tag","embeddable":true,"href":"https:\/\/barsante.com.ar\/disegno\/wp-json\/wp\/v2\/product_tag?post=3679"}],"curies":[{"name":"wp","href":"https:\/\/api.w.org\/{rel}","templated":true}]}}