{"id":3694,"date":"2026-03-04T13:50:50","date_gmt":"2026-03-04T13:50:50","guid":{"rendered":"http:\/\/barsante.com.ar\/disegno\/?post_type=product&#038;p=3694"},"modified":"2026-03-04T13:50:51","modified_gmt":"2026-03-04T13:50:51","slug":"poltrona-corallo","status":"publish","type":"product","link":"https:\/\/barsante.com.ar\/disegno\/producto\/muebles-outdoor\/poltrona-corallo\/","title":{"rendered":"POLTRONA CORALLO"},"content":{"rendered":"<p data-pm-slice=\"1 1 []\">Su identidad se define por el pliegue caracter\u00edstico del tapizado, un recurso formal que mejora la ergonom\u00eda y refuerza la sensaci\u00f3n de suavidad y contenci\u00f3n.<\/p>\n<p>La estructura resistente, realizada en aluminio y combinada con tejidos de alta calidad aptos para uso intensivo, garantiza durabilidad y un excelente desempe\u00f1o tanto en interiores como en exteriores.<\/p>\n","protected":false},"excerpt":{"rendered":"<p>Su identidad se define por el pliegue caracter\u00edstico del tapizado, un recurso formal que mejora la ergonom\u00eda y refuerza la sensaci\u00f3n de suavidad y contenci\u00f3n. La estructura resistente, realizada en aluminio y combinada con tejidos de alta calidad aptos para uso intensivo, garantiza durabilidad y un excelente desempe\u00f1o tanto en interiores como en exteriores.<\/p>\n","protected":false},"featured_media":3695,"comment_status":"open","ping_status":"closed","template":"","meta":{"_et_pb_use_builder":"","_et_pb_old_content":"","_et_gb_content_width":""},"product_brand":[],"product_cat":[57],"product_tag":[],"class_list":{"0":"post-3694","1":"product","2":"type-product","3":"status-publish","4":"has-post-thumbnail","6":"product_cat-muebles-outdoor","8":"first","9":"instock","10":"shipping-taxable","11":"product-type-simple"},"_links":{"self":[{"href":"https:\/\/barsante.com.ar\/disegno\/wp-json\/wp\/v2\/product\/3694","targetHints":{"allow":["GET"]}}],"collection":[{"href":"https:\/\/barsante.com.ar\/disegno\/wp-json\/wp\/v2\/product"}],"about":[{"href":"https:\/\/barsante.com.ar\/disegno\/wp-json\/wp\/v2\/types\/product"}],"replies":[{"embeddable":true,"href":"https:\/\/barsante.com.ar\/disegno\/wp-json\/wp\/v2\/comments?post=3694"}],"wp:featuredmedia":[{"embeddable":true,"href":"https:\/\/barsante.com.ar\/disegno\/wp-json\/wp\/v2\/media\/3695"}],"wp:attachment":[{"href":"https:\/\/barsante.com.ar\/disegno\/wp-json\/wp\/v2\/media?parent=3694"}],"wp:term":[{"taxonomy":"product_brand","embeddable":true,"href":"https:\/\/barsante.com.ar\/disegno\/wp-json\/wp\/v2\/product_brand?post=3694"},{"taxonomy":"product_cat","embeddable":true,"href":"https:\/\/barsante.com.ar\/disegno\/wp-json\/wp\/v2\/product_cat?post=3694"},{"taxonomy":"product_tag","embeddable":true,"href":"https:\/\/barsante.com.ar\/disegno\/wp-json\/wp\/v2\/product_tag?post=3694"}],"curies":[{"name":"wp","href":"https:\/\/api.w.org\/{rel}","templated":true}]}}