{"id":3699,"date":"2026-03-04T14:11:19","date_gmt":"2026-03-04T14:11:19","guid":{"rendered":"http:\/\/barsante.com.ar\/disegno\/?post_type=product&#038;p=3699"},"modified":"2026-03-04T14:11:20","modified_gmt":"2026-03-04T14:11:20","slug":"poltrona-corallo-modulo-sin-brazo","status":"publish","type":"product","link":"https:\/\/barsante.com.ar\/disegno\/producto\/muebles-outdoor\/poltrona-corallo-modulo-sin-brazo\/","title":{"rendered":"POLTRONA CORALLO MODULO SIN BRAZO"},"content":{"rendered":"<p data-pm-slice=\"1 1 []\">Su dise\u00f1o contempor\u00e1neo combina una estructura de aluminio con tapicer\u00eda en tela, logrando una pieza resistente, funcional y visualmente equilibrada.<\/p>\n<p>Como parte de la l\u00ednea Corallo, este m\u00f3dulo permite crear sof\u00e1s y \u00e1reas de descanso personalizadas, adapt\u00e1ndose a diferentes escalas y necesidades del espacio.<\/p>\n","protected":false},"excerpt":{"rendered":"<p>Su dise\u00f1o contempor\u00e1neo combina una estructura de aluminio con tapicer\u00eda en tela, logrando una pieza resistente, funcional y visualmente equilibrada. Como parte de la l\u00ednea Corallo, este m\u00f3dulo permite crear sof\u00e1s y \u00e1reas de descanso personalizadas, adapt\u00e1ndose a diferentes escalas y necesidades del espacio.<\/p>\n","protected":false},"featured_media":3702,"comment_status":"open","ping_status":"closed","template":"","meta":{"_et_pb_use_builder":"","_et_pb_old_content":"","_et_gb_content_width":""},"product_brand":[],"product_cat":[57],"product_tag":[],"class_list":{"0":"post-3699","1":"product","2":"type-product","3":"status-publish","4":"has-post-thumbnail","6":"product_cat-muebles-outdoor","8":"first","9":"instock","10":"shipping-taxable","11":"product-type-simple"},"_links":{"self":[{"href":"https:\/\/barsante.com.ar\/disegno\/wp-json\/wp\/v2\/product\/3699","targetHints":{"allow":["GET"]}}],"collection":[{"href":"https:\/\/barsante.com.ar\/disegno\/wp-json\/wp\/v2\/product"}],"about":[{"href":"https:\/\/barsante.com.ar\/disegno\/wp-json\/wp\/v2\/types\/product"}],"replies":[{"embeddable":true,"href":"https:\/\/barsante.com.ar\/disegno\/wp-json\/wp\/v2\/comments?post=3699"}],"wp:featuredmedia":[{"embeddable":true,"href":"https:\/\/barsante.com.ar\/disegno\/wp-json\/wp\/v2\/media\/3702"}],"wp:attachment":[{"href":"https:\/\/barsante.com.ar\/disegno\/wp-json\/wp\/v2\/media?parent=3699"}],"wp:term":[{"taxonomy":"product_brand","embeddable":true,"href":"https:\/\/barsante.com.ar\/disegno\/wp-json\/wp\/v2\/product_brand?post=3699"},{"taxonomy":"product_cat","embeddable":true,"href":"https:\/\/barsante.com.ar\/disegno\/wp-json\/wp\/v2\/product_cat?post=3699"},{"taxonomy":"product_tag","embeddable":true,"href":"https:\/\/barsante.com.ar\/disegno\/wp-json\/wp\/v2\/product_tag?post=3699"}],"curies":[{"name":"wp","href":"https:\/\/api.w.org\/{rel}","templated":true}]}}