{"id":3703,"date":"2026-03-04T14:23:37","date_gmt":"2026-03-04T14:23:37","guid":{"rendered":"http:\/\/barsante.com.ar\/disegno\/?post_type=product&#038;p=3703"},"modified":"2026-03-04T14:23:37","modified_gmt":"2026-03-04T14:23:37","slug":"modulo-esquinero-corallo","status":"publish","type":"product","link":"https:\/\/barsante.com.ar\/disegno\/producto\/muebles-outdoor\/modulo-esquinero-corallo\/","title":{"rendered":"MODULO ESQUINERO CORALLO"},"content":{"rendered":"","protected":false},"excerpt":{"rendered":"<p data-pm-slice=\"1 1 []\">Su dise\u00f1o contempor\u00e1neo combina una estructura de aluminio con revestimientos en tejido, aportando resistencia, confort y una est\u00e9tica equilibrada.<\/p>\n<p>Pensado para configuraciones en esquina, el m\u00f3dulo permite generar composiciones funcionales y continuas, adapt\u00e1ndose con facilidad a distintos espacios.<\/p>\n<p>Incluye almohadones que refuerzan la comodidad y acompa\u00f1an el uso cotidiano, integr\u00e1ndose con otros elementos de la l\u00ednea para crear \u00e1reas de descanso coherentes y vers\u00e1tiles.<\/p>\n","protected":false},"featured_media":3706,"comment_status":"open","ping_status":"closed","template":"","meta":{"_et_pb_use_builder":"","_et_pb_old_content":"","_et_gb_content_width":""},"product_brand":[],"product_cat":[57],"product_tag":[],"class_list":{"0":"post-3703","1":"product","2":"type-product","3":"status-publish","4":"has-post-thumbnail","6":"product_cat-muebles-outdoor","8":"first","9":"instock","10":"shipping-taxable","11":"product-type-simple"},"_links":{"self":[{"href":"https:\/\/barsante.com.ar\/disegno\/wp-json\/wp\/v2\/product\/3703","targetHints":{"allow":["GET"]}}],"collection":[{"href":"https:\/\/barsante.com.ar\/disegno\/wp-json\/wp\/v2\/product"}],"about":[{"href":"https:\/\/barsante.com.ar\/disegno\/wp-json\/wp\/v2\/types\/product"}],"replies":[{"embeddable":true,"href":"https:\/\/barsante.com.ar\/disegno\/wp-json\/wp\/v2\/comments?post=3703"}],"wp:featuredmedia":[{"embeddable":true,"href":"https:\/\/barsante.com.ar\/disegno\/wp-json\/wp\/v2\/media\/3706"}],"wp:attachment":[{"href":"https:\/\/barsante.com.ar\/disegno\/wp-json\/wp\/v2\/media?parent=3703"}],"wp:term":[{"taxonomy":"product_brand","embeddable":true,"href":"https:\/\/barsante.com.ar\/disegno\/wp-json\/wp\/v2\/product_brand?post=3703"},{"taxonomy":"product_cat","embeddable":true,"href":"https:\/\/barsante.com.ar\/disegno\/wp-json\/wp\/v2\/product_cat?post=3703"},{"taxonomy":"product_tag","embeddable":true,"href":"https:\/\/barsante.com.ar\/disegno\/wp-json\/wp\/v2\/product_tag?post=3703"}],"curies":[{"name":"wp","href":"https:\/\/api.w.org\/{rel}","templated":true}]}}