{"id":3713,"date":"2026-03-04T15:10:23","date_gmt":"2026-03-04T15:10:23","guid":{"rendered":"http:\/\/barsante.com.ar\/disegno\/?post_type=product&#038;p=3713"},"modified":"2026-03-04T15:10:24","modified_gmt":"2026-03-04T15:10:24","slug":"sofa-con-apoyabrazos-corallo","status":"publish","type":"product","link":"https:\/\/barsante.com.ar\/disegno\/producto\/muebles-outdoor\/sofa-con-apoyabrazos-corallo\/","title":{"rendered":"SOFA CON APOYABRAZOS CORALLO"},"content":{"rendered":"<p data-pm-slice=\"1 1 []\">La l\u00ednea de sof\u00e1s Corallo se define por una propuesta modular que combina confort, funcionalidad y una est\u00e9tica contempor\u00e1nea.<\/p>\n<p>Su dise\u00f1o se caracteriza por una estructura de aluminio y tapizados confortables, donde el pliegue del tejido se convierte en un elemento funcional que mejora la ergonom\u00eda y refuerza la sensaci\u00f3n de suavidad.<\/p>\n<p>El sistema modular permite crear composiciones personalizadas, adapt\u00e1ndose con facilidad a espacios amplios o compactos, tanto en interiores como en exteriores.<\/p>\n","protected":false},"excerpt":{"rendered":"<p>La l\u00ednea de sof\u00e1s Corallo se define por una propuesta modular que combina confort, funcionalidad y una est\u00e9tica contempor\u00e1nea. Su dise\u00f1o se caracteriza por una estructura de aluminio y tapizados confortables, donde el pliegue del tejido se convierte en un elemento funcional que mejora la ergonom\u00eda y refuerza la sensaci\u00f3n de suavidad. El sistema modular [&hellip;]<\/p>\n","protected":false},"featured_media":3716,"comment_status":"open","ping_status":"closed","template":"","meta":{"_et_pb_use_builder":"","_et_pb_old_content":"","_et_gb_content_width":""},"product_brand":[],"product_cat":[57],"product_tag":[],"class_list":{"0":"post-3713","1":"product","2":"type-product","3":"status-publish","4":"has-post-thumbnail","6":"product_cat-muebles-outdoor","8":"first","9":"instock","10":"shipping-taxable","11":"product-type-simple"},"_links":{"self":[{"href":"https:\/\/barsante.com.ar\/disegno\/wp-json\/wp\/v2\/product\/3713","targetHints":{"allow":["GET"]}}],"collection":[{"href":"https:\/\/barsante.com.ar\/disegno\/wp-json\/wp\/v2\/product"}],"about":[{"href":"https:\/\/barsante.com.ar\/disegno\/wp-json\/wp\/v2\/types\/product"}],"replies":[{"embeddable":true,"href":"https:\/\/barsante.com.ar\/disegno\/wp-json\/wp\/v2\/comments?post=3713"}],"wp:featuredmedia":[{"embeddable":true,"href":"https:\/\/barsante.com.ar\/disegno\/wp-json\/wp\/v2\/media\/3716"}],"wp:attachment":[{"href":"https:\/\/barsante.com.ar\/disegno\/wp-json\/wp\/v2\/media?parent=3713"}],"wp:term":[{"taxonomy":"product_brand","embeddable":true,"href":"https:\/\/barsante.com.ar\/disegno\/wp-json\/wp\/v2\/product_brand?post=3713"},{"taxonomy":"product_cat","embeddable":true,"href":"https:\/\/barsante.com.ar\/disegno\/wp-json\/wp\/v2\/product_cat?post=3713"},{"taxonomy":"product_tag","embeddable":true,"href":"https:\/\/barsante.com.ar\/disegno\/wp-json\/wp\/v2\/product_tag?post=3713"}],"curies":[{"name":"wp","href":"https:\/\/api.w.org\/{rel}","templated":true}]}}