{"id":3718,"date":"2026-03-04T15:23:19","date_gmt":"2026-03-04T15:23:19","guid":{"rendered":"http:\/\/barsante.com.ar\/disegno\/?post_type=product&#038;p=3718"},"modified":"2026-03-04T15:23:20","modified_gmt":"2026-03-04T15:23:20","slug":"mesa-de-centro-corallo","status":"publish","type":"product","link":"https:\/\/barsante.com.ar\/disegno\/producto\/muebles-outdoor\/mesa-de-centro-corallo\/","title":{"rendered":"MESA DE CENTRO CORALLO"},"content":{"rendered":"<p data-pm-slice=\"1 1 []\">Su dise\u00f1o combina estructura de aluminio con tapa de madera, logrando un equilibrio entre resistencia estructural y calidez material.<\/p>\n<p>De est\u00e9tica contempor\u00e1nea y atemporal, se adapta tanto a ambientes interiores como exteriores, acompa\u00f1ando distintas configuraciones del espacio.<\/p>\n<p>Corallo es una mesa pensada para complementar \u00e1reas sociales, aportando apoyo funcional, durabilidad y continuidad visual dentro del conjunto.<\/p>\n","protected":false},"excerpt":{"rendered":"<p>Su dise\u00f1o combina estructura de aluminio con tapa de madera, logrando un equilibrio entre resistencia estructural y calidez material. De est\u00e9tica contempor\u00e1nea y atemporal, se adapta tanto a ambientes interiores como exteriores, acompa\u00f1ando distintas configuraciones del espacio. Corallo es una mesa pensada para complementar \u00e1reas sociales, aportando apoyo funcional, durabilidad y continuidad visual dentro del [&hellip;]<\/p>\n","protected":false},"featured_media":3721,"comment_status":"open","ping_status":"closed","template":"","meta":{"_et_pb_use_builder":"","_et_pb_old_content":"","_et_gb_content_width":""},"product_brand":[],"product_cat":[57],"product_tag":[],"class_list":{"0":"post-3718","1":"product","2":"type-product","3":"status-publish","4":"has-post-thumbnail","6":"product_cat-muebles-outdoor","8":"first","9":"instock","10":"shipping-taxable","11":"product-type-simple"},"_links":{"self":[{"href":"https:\/\/barsante.com.ar\/disegno\/wp-json\/wp\/v2\/product\/3718","targetHints":{"allow":["GET"]}}],"collection":[{"href":"https:\/\/barsante.com.ar\/disegno\/wp-json\/wp\/v2\/product"}],"about":[{"href":"https:\/\/barsante.com.ar\/disegno\/wp-json\/wp\/v2\/types\/product"}],"replies":[{"embeddable":true,"href":"https:\/\/barsante.com.ar\/disegno\/wp-json\/wp\/v2\/comments?post=3718"}],"wp:featuredmedia":[{"embeddable":true,"href":"https:\/\/barsante.com.ar\/disegno\/wp-json\/wp\/v2\/media\/3721"}],"wp:attachment":[{"href":"https:\/\/barsante.com.ar\/disegno\/wp-json\/wp\/v2\/media?parent=3718"}],"wp:term":[{"taxonomy":"product_brand","embeddable":true,"href":"https:\/\/barsante.com.ar\/disegno\/wp-json\/wp\/v2\/product_brand?post=3718"},{"taxonomy":"product_cat","embeddable":true,"href":"https:\/\/barsante.com.ar\/disegno\/wp-json\/wp\/v2\/product_cat?post=3718"},{"taxonomy":"product_tag","embeddable":true,"href":"https:\/\/barsante.com.ar\/disegno\/wp-json\/wp\/v2\/product_tag?post=3718"}],"curies":[{"name":"wp","href":"https:\/\/api.w.org\/{rel}","templated":true}]}}