{"id":3727,"date":"2026-03-04T15:45:02","date_gmt":"2026-03-04T15:45:02","guid":{"rendered":"http:\/\/barsante.com.ar\/disegno\/?post_type=product&#038;p=3727"},"modified":"2026-03-04T15:45:03","modified_gmt":"2026-03-04T15:45:03","slug":"poltrona-grigio","status":"publish","type":"product","link":"https:\/\/barsante.com.ar\/disegno\/producto\/muebles-outdoor\/poltrona-grigio\/","title":{"rendered":"POLTRONA GRIGIO"},"content":{"rendered":"<p data-pm-slice=\"1 1 []\">Su estructura de aluminio se combina con superficies en tela y tejido especial, dando lugar a una propuesta liviana, resistente y funcional.<\/p>\n<p>El dise\u00f1o de formas org\u00e1nicas, inspirado en la cester\u00eda nativa, aporta una est\u00e9tica equilibrada y confortable, pensada para acompa\u00f1ar el uso prolongado.<\/p>\n<p>Grigio es una poltrona desarrollada para entornos al aire libre, donde la durabilidad de los materiales y la facilidad de mantenimiento se integran con una imagen actual y cuidada.<\/p>\n","protected":false},"excerpt":{"rendered":"<p>Su estructura de aluminio se combina con superficies en tela y tejido especial, dando lugar a una propuesta liviana, resistente y funcional. El dise\u00f1o de formas org\u00e1nicas, inspirado en la cester\u00eda nativa, aporta una est\u00e9tica equilibrada y confortable, pensada para acompa\u00f1ar el uso prolongado. Grigio es una poltrona desarrollada para entornos al aire libre, donde [&hellip;]<\/p>\n","protected":false},"featured_media":3728,"comment_status":"open","ping_status":"closed","template":"","meta":{"_et_pb_use_builder":"","_et_pb_old_content":"","_et_gb_content_width":""},"product_brand":[],"product_cat":[57],"product_tag":[],"class_list":{"0":"post-3727","1":"product","2":"type-product","3":"status-publish","4":"has-post-thumbnail","6":"product_cat-muebles-outdoor","8":"first","9":"instock","10":"shipping-taxable","11":"product-type-simple"},"_links":{"self":[{"href":"https:\/\/barsante.com.ar\/disegno\/wp-json\/wp\/v2\/product\/3727","targetHints":{"allow":["GET"]}}],"collection":[{"href":"https:\/\/barsante.com.ar\/disegno\/wp-json\/wp\/v2\/product"}],"about":[{"href":"https:\/\/barsante.com.ar\/disegno\/wp-json\/wp\/v2\/types\/product"}],"replies":[{"embeddable":true,"href":"https:\/\/barsante.com.ar\/disegno\/wp-json\/wp\/v2\/comments?post=3727"}],"wp:featuredmedia":[{"embeddable":true,"href":"https:\/\/barsante.com.ar\/disegno\/wp-json\/wp\/v2\/media\/3728"}],"wp:attachment":[{"href":"https:\/\/barsante.com.ar\/disegno\/wp-json\/wp\/v2\/media?parent=3727"}],"wp:term":[{"taxonomy":"product_brand","embeddable":true,"href":"https:\/\/barsante.com.ar\/disegno\/wp-json\/wp\/v2\/product_brand?post=3727"},{"taxonomy":"product_cat","embeddable":true,"href":"https:\/\/barsante.com.ar\/disegno\/wp-json\/wp\/v2\/product_cat?post=3727"},{"taxonomy":"product_tag","embeddable":true,"href":"https:\/\/barsante.com.ar\/disegno\/wp-json\/wp\/v2\/product_tag?post=3727"}],"curies":[{"name":"wp","href":"https:\/\/api.w.org\/{rel}","templated":true}]}}