{"id":3734,"date":"2026-03-04T15:59:42","date_gmt":"2026-03-04T15:59:42","guid":{"rendered":"http:\/\/barsante.com.ar\/disegno\/?post_type=product&#038;p=3734"},"modified":"2026-03-04T15:59:43","modified_gmt":"2026-03-04T15:59:43","slug":"silla-grigio","status":"publish","type":"product","link":"https:\/\/barsante.com.ar\/disegno\/producto\/muebles-outdoor\/silla-grigio\/","title":{"rendered":"SILLA GRIGIO"},"content":{"rendered":"<p data-pm-slice=\"1 1 []\">La silla Grigio se presenta como una pieza de dise\u00f1o contempor\u00e1neo pensada para espacios exteriores.<\/p>\n<p>Su estructura de aluminio de alta resistencia se combina con una trama met\u00e1lica de dise\u00f1o diagonal y superficies en tela perforada, logrando una est\u00e9tica moderna y liviana.<\/p>\n<p>El asiento almohadillado, junto con el respaldo y los apoyabrazos tapizados, aporta un nivel de confort adecuado para el uso prolongado en terrazas, balcones o \u00e1reas al aire libre.<\/p>\n","protected":false},"excerpt":{"rendered":"<p>La silla Grigio se presenta como una pieza de dise\u00f1o contempor\u00e1neo pensada para espacios exteriores. Su estructura de aluminio de alta resistencia se combina con una trama met\u00e1lica de dise\u00f1o diagonal y superficies en tela perforada, logrando una est\u00e9tica moderna y liviana. El asiento almohadillado, junto con el respaldo y los apoyabrazos tapizados, aporta un [&hellip;]<\/p>\n","protected":false},"featured_media":3735,"comment_status":"open","ping_status":"closed","template":"","meta":{"_et_pb_use_builder":"","_et_pb_old_content":"","_et_gb_content_width":""},"product_brand":[],"product_cat":[57],"product_tag":[],"class_list":{"0":"post-3734","1":"product","2":"type-product","3":"status-publish","4":"has-post-thumbnail","6":"product_cat-muebles-outdoor","8":"first","9":"instock","10":"shipping-taxable","11":"product-type-simple"},"_links":{"self":[{"href":"https:\/\/barsante.com.ar\/disegno\/wp-json\/wp\/v2\/product\/3734","targetHints":{"allow":["GET"]}}],"collection":[{"href":"https:\/\/barsante.com.ar\/disegno\/wp-json\/wp\/v2\/product"}],"about":[{"href":"https:\/\/barsante.com.ar\/disegno\/wp-json\/wp\/v2\/types\/product"}],"replies":[{"embeddable":true,"href":"https:\/\/barsante.com.ar\/disegno\/wp-json\/wp\/v2\/comments?post=3734"}],"wp:featuredmedia":[{"embeddable":true,"href":"https:\/\/barsante.com.ar\/disegno\/wp-json\/wp\/v2\/media\/3735"}],"wp:attachment":[{"href":"https:\/\/barsante.com.ar\/disegno\/wp-json\/wp\/v2\/media?parent=3734"}],"wp:term":[{"taxonomy":"product_brand","embeddable":true,"href":"https:\/\/barsante.com.ar\/disegno\/wp-json\/wp\/v2\/product_brand?post=3734"},{"taxonomy":"product_cat","embeddable":true,"href":"https:\/\/barsante.com.ar\/disegno\/wp-json\/wp\/v2\/product_cat?post=3734"},{"taxonomy":"product_tag","embeddable":true,"href":"https:\/\/barsante.com.ar\/disegno\/wp-json\/wp\/v2\/product_tag?post=3734"}],"curies":[{"name":"wp","href":"https:\/\/api.w.org\/{rel}","templated":true}]}}