{"id":3762,"date":"2026-03-05T12:49:14","date_gmt":"2026-03-05T12:49:14","guid":{"rendered":"http:\/\/barsante.com.ar\/disegno\/?post_type=product&#038;p=3762"},"modified":"2026-03-05T12:49:15","modified_gmt":"2026-03-05T12:49:15","slug":"kit-fogata-nero","status":"publish","type":"product","link":"https:\/\/barsante.com.ar\/disegno\/producto\/muebles-outdoor\/kit-fogata-nero\/","title":{"rendered":"KIT FOGATA NERO"},"content":{"rendered":"<p data-pm-slice=\"1 1 []\">El Kit Fogata se presenta como un complemento pensado para aportar calidez y car\u00e1cter a los espacios exteriores.<\/p>\n<p>Su dise\u00f1o contempor\u00e1neo combina l\u00edneas simples con una concepci\u00f3n funcional que transforma el ambiente en un punto de encuentro acogedor.<\/p>\n<p>Con una presencia sobria y sofisticada, el conjunto se integra de manera natural a distintas configuraciones de mobiliario, potenciando la experiencia de uso al aire libre.<\/p>\n","protected":false},"excerpt":{"rendered":"<p>El Kit Fogata se presenta como un complemento pensado para aportar calidez y car\u00e1cter a los espacios exteriores. Su dise\u00f1o contempor\u00e1neo combina l\u00edneas simples con una concepci\u00f3n funcional que transforma el ambiente en un punto de encuentro acogedor. Con una presencia sobria y sofisticada, el conjunto se integra de manera natural a distintas configuraciones de [&hellip;]<\/p>\n","protected":false},"featured_media":3763,"comment_status":"open","ping_status":"closed","template":"","meta":{"_et_pb_use_builder":"","_et_pb_old_content":"","_et_gb_content_width":""},"product_brand":[],"product_cat":[57],"product_tag":[],"class_list":{"0":"post-3762","1":"product","2":"type-product","3":"status-publish","4":"has-post-thumbnail","6":"product_cat-muebles-outdoor","8":"first","9":"instock","10":"shipping-taxable","11":"product-type-simple"},"_links":{"self":[{"href":"https:\/\/barsante.com.ar\/disegno\/wp-json\/wp\/v2\/product\/3762","targetHints":{"allow":["GET"]}}],"collection":[{"href":"https:\/\/barsante.com.ar\/disegno\/wp-json\/wp\/v2\/product"}],"about":[{"href":"https:\/\/barsante.com.ar\/disegno\/wp-json\/wp\/v2\/types\/product"}],"replies":[{"embeddable":true,"href":"https:\/\/barsante.com.ar\/disegno\/wp-json\/wp\/v2\/comments?post=3762"}],"wp:featuredmedia":[{"embeddable":true,"href":"https:\/\/barsante.com.ar\/disegno\/wp-json\/wp\/v2\/media\/3763"}],"wp:attachment":[{"href":"https:\/\/barsante.com.ar\/disegno\/wp-json\/wp\/v2\/media?parent=3762"}],"wp:term":[{"taxonomy":"product_brand","embeddable":true,"href":"https:\/\/barsante.com.ar\/disegno\/wp-json\/wp\/v2\/product_brand?post=3762"},{"taxonomy":"product_cat","embeddable":true,"href":"https:\/\/barsante.com.ar\/disegno\/wp-json\/wp\/v2\/product_cat?post=3762"},{"taxonomy":"product_tag","embeddable":true,"href":"https:\/\/barsante.com.ar\/disegno\/wp-json\/wp\/v2\/product_tag?post=3762"}],"curies":[{"name":"wp","href":"https:\/\/api.w.org\/{rel}","templated":true}]}}