{"id":3766,"date":"2026-03-05T13:08:58","date_gmt":"2026-03-05T13:08:58","guid":{"rendered":"http:\/\/barsante.com.ar\/disegno\/?post_type=product&#038;p=3766"},"modified":"2026-03-05T13:08:59","modified_gmt":"2026-03-05T13:08:59","slug":"kit-champanera-nero","status":"publish","type":"product","link":"https:\/\/barsante.com.ar\/disegno\/producto\/muebles-outdoor\/kit-champanera-nero\/","title":{"rendered":"KIT CHAMPANERA NERO"},"content":{"rendered":"<p data-pm-slice=\"1 1 []\">La champanera Nero se concibe como una pieza pensada para el encuentro y la conversaci\u00f3n, a partir de una forma circular que simboliza la reuni\u00f3n.<\/p>\n<p>Est\u00e1 realizada en aluminio y concreto, combinando solidez material con una presencia contempor\u00e1nea y elegante.<\/p>\n<p>Su estructura circular se compone de m\u00f3dulos de concreto que conforman el per\u00edmetro, mientras que en el centro un recipiente c\u00f3ncavo de aluminio funciona como contenedor para hielo y bebidas, definiendo el eje funcional de la pieza.<\/p>\n","protected":false},"excerpt":{"rendered":"<p>La champanera Nero se concibe como una pieza pensada para el encuentro y la conversaci\u00f3n, a partir de una forma circular que simboliza la reuni\u00f3n. Est\u00e1 realizada en aluminio y concreto, combinando solidez material con una presencia contempor\u00e1nea y elegante. Su estructura circular se compone de m\u00f3dulos de concreto que conforman el per\u00edmetro, mientras que [&hellip;]<\/p>\n","protected":false},"featured_media":3768,"comment_status":"open","ping_status":"closed","template":"","meta":{"_et_pb_use_builder":"","_et_pb_old_content":"","_et_gb_content_width":""},"product_brand":[],"product_cat":[57],"product_tag":[],"class_list":{"0":"post-3766","1":"product","2":"type-product","3":"status-publish","4":"has-post-thumbnail","6":"product_cat-muebles-outdoor","8":"first","9":"instock","10":"shipping-taxable","11":"product-type-simple"},"_links":{"self":[{"href":"https:\/\/barsante.com.ar\/disegno\/wp-json\/wp\/v2\/product\/3766","targetHints":{"allow":["GET"]}}],"collection":[{"href":"https:\/\/barsante.com.ar\/disegno\/wp-json\/wp\/v2\/product"}],"about":[{"href":"https:\/\/barsante.com.ar\/disegno\/wp-json\/wp\/v2\/types\/product"}],"replies":[{"embeddable":true,"href":"https:\/\/barsante.com.ar\/disegno\/wp-json\/wp\/v2\/comments?post=3766"}],"wp:featuredmedia":[{"embeddable":true,"href":"https:\/\/barsante.com.ar\/disegno\/wp-json\/wp\/v2\/media\/3768"}],"wp:attachment":[{"href":"https:\/\/barsante.com.ar\/disegno\/wp-json\/wp\/v2\/media?parent=3766"}],"wp:term":[{"taxonomy":"product_brand","embeddable":true,"href":"https:\/\/barsante.com.ar\/disegno\/wp-json\/wp\/v2\/product_brand?post=3766"},{"taxonomy":"product_cat","embeddable":true,"href":"https:\/\/barsante.com.ar\/disegno\/wp-json\/wp\/v2\/product_cat?post=3766"},{"taxonomy":"product_tag","embeddable":true,"href":"https:\/\/barsante.com.ar\/disegno\/wp-json\/wp\/v2\/product_tag?post=3766"}],"curies":[{"name":"wp","href":"https:\/\/api.w.org\/{rel}","templated":true}]}}