{"id":3825,"date":"2026-03-19T19:04:36","date_gmt":"2026-03-19T19:04:36","guid":{"rendered":"http:\/\/barsante.com.ar\/disegno\/?post_type=product&#038;p=3825"},"modified":"2026-03-20T15:08:26","modified_gmt":"2026-03-20T15:08:26","slug":"banqueta-teresa","status":"publish","type":"product","link":"https:\/\/barsante.com.ar\/disegno\/producto\/banquetas\/banqueta-teresa\/","title":{"rendered":"TERESA"},"content":{"rendered":"<p data-pm-slice=\"1 1 []\">Esta banqueta combina la calidez de la madera maciza con un dise\u00f1o contempor\u00e1neo y liviano. Su asiento de l\u00edneas org\u00e1nicas resalta la textura natural, mientras que la base en pintura negra aporta contraste y sofisticaci\u00f3n.<\/p>\n","protected":false},"excerpt":{"rendered":"<p>Esta banqueta combina la calidez de la madera maciza con un dise\u00f1o contempor\u00e1neo y liviano. Su asiento de l\u00edneas org\u00e1nicas resalta la textura natural, mientras que la base en pintura negra aporta contraste y sofisticaci\u00f3n.<\/p>\n","protected":false},"featured_media":3836,"comment_status":"open","ping_status":"closed","template":"","meta":{"_et_pb_use_builder":"","_et_pb_old_content":"","_et_gb_content_width":""},"product_brand":[],"product_cat":[21],"product_tag":[],"class_list":{"0":"post-3825","1":"product","2":"type-product","3":"status-publish","4":"has-post-thumbnail","6":"product_cat-banquetas","8":"first","9":"instock","10":"shipping-taxable","11":"product-type-simple"},"_links":{"self":[{"href":"https:\/\/barsante.com.ar\/disegno\/wp-json\/wp\/v2\/product\/3825","targetHints":{"allow":["GET"]}}],"collection":[{"href":"https:\/\/barsante.com.ar\/disegno\/wp-json\/wp\/v2\/product"}],"about":[{"href":"https:\/\/barsante.com.ar\/disegno\/wp-json\/wp\/v2\/types\/product"}],"replies":[{"embeddable":true,"href":"https:\/\/barsante.com.ar\/disegno\/wp-json\/wp\/v2\/comments?post=3825"}],"wp:featuredmedia":[{"embeddable":true,"href":"https:\/\/barsante.com.ar\/disegno\/wp-json\/wp\/v2\/media\/3836"}],"wp:attachment":[{"href":"https:\/\/barsante.com.ar\/disegno\/wp-json\/wp\/v2\/media?parent=3825"}],"wp:term":[{"taxonomy":"product_brand","embeddable":true,"href":"https:\/\/barsante.com.ar\/disegno\/wp-json\/wp\/v2\/product_brand?post=3825"},{"taxonomy":"product_cat","embeddable":true,"href":"https:\/\/barsante.com.ar\/disegno\/wp-json\/wp\/v2\/product_cat?post=3825"},{"taxonomy":"product_tag","embeddable":true,"href":"https:\/\/barsante.com.ar\/disegno\/wp-json\/wp\/v2\/product_tag?post=3825"}],"curies":[{"name":"wp","href":"https:\/\/api.w.org\/{rel}","templated":true}]}}