{"id":3852,"date":"2026-03-25T16:26:42","date_gmt":"2026-03-25T16:26:42","guid":{"rendered":"http:\/\/barsante.com.ar\/disegno\/?post_type=product&#038;p=3852"},"modified":"2026-03-25T18:08:32","modified_gmt":"2026-03-25T18:08:32","slug":"wassily","status":"publish","type":"product","link":"https:\/\/barsante.com.ar\/disegno\/producto\/sillones\/wassily\/","title":{"rendered":"WASSILY"},"content":{"rendered":"<p>La poltrona Wassily se caracteriza por una expresi\u00f3n ligera y<br \/>\ncontempor\u00e1nea, definida por la continuidad de su estructura<br \/>\nmet\u00e1lica y la suavidad de sus superficies acolchadas. Su dise\u00f1o<br \/>\ncombina equilibrio visual y confort, generando una postura relajada<br \/>\ny natural.<\/p>\n","protected":false},"excerpt":{"rendered":"<p>La poltrona Wassily se caracteriza por una expresi\u00f3n ligera y contempor\u00e1nea, definida por la continuidad de su estructura met\u00e1lica y la suavidad de sus superficies acolchadas. Su dise\u00f1o combina equilibrio visual y confort, generando una postura relajada y natural.<\/p>\n","protected":false},"featured_media":3855,"comment_status":"closed","ping_status":"closed","template":"","meta":{"_et_pb_use_builder":"","_et_pb_old_content":"","_et_gb_content_width":""},"product_brand":[],"product_cat":[22],"product_tag":[],"class_list":{"0":"post-3852","1":"product","2":"type-product","3":"status-publish","4":"has-post-thumbnail","6":"product_cat-sillones","8":"first","9":"instock","10":"product-type-simple"},"_links":{"self":[{"href":"https:\/\/barsante.com.ar\/disegno\/wp-json\/wp\/v2\/product\/3852","targetHints":{"allow":["GET"]}}],"collection":[{"href":"https:\/\/barsante.com.ar\/disegno\/wp-json\/wp\/v2\/product"}],"about":[{"href":"https:\/\/barsante.com.ar\/disegno\/wp-json\/wp\/v2\/types\/product"}],"replies":[{"embeddable":true,"href":"https:\/\/barsante.com.ar\/disegno\/wp-json\/wp\/v2\/comments?post=3852"}],"wp:featuredmedia":[{"embeddable":true,"href":"https:\/\/barsante.com.ar\/disegno\/wp-json\/wp\/v2\/media\/3855"}],"wp:attachment":[{"href":"https:\/\/barsante.com.ar\/disegno\/wp-json\/wp\/v2\/media?parent=3852"}],"wp:term":[{"taxonomy":"product_brand","embeddable":true,"href":"https:\/\/barsante.com.ar\/disegno\/wp-json\/wp\/v2\/product_brand?post=3852"},{"taxonomy":"product_cat","embeddable":true,"href":"https:\/\/barsante.com.ar\/disegno\/wp-json\/wp\/v2\/product_cat?post=3852"},{"taxonomy":"product_tag","embeddable":true,"href":"https:\/\/barsante.com.ar\/disegno\/wp-json\/wp\/v2\/product_tag?post=3852"}],"curies":[{"name":"wp","href":"https:\/\/api.w.org\/{rel}","templated":true}]}}