{"id":3859,"date":"2026-03-25T18:09:39","date_gmt":"2026-03-25T18:09:39","guid":{"rendered":"http:\/\/barsante.com.ar\/disegno\/?post_type=product&#038;p=3859"},"modified":"2026-03-25T18:19:04","modified_gmt":"2026-03-25T18:19:04","slug":"bellini","status":"publish","type":"product","link":"https:\/\/barsante.com.ar\/disegno\/producto\/sillones\/bellini\/","title":{"rendered":"BELLINI"},"content":{"rendered":"<p>La poltrona Belini se distingue por su dise\u00f1o envolvente y sus<br \/>\nvol\u00famenes suaves, que generan una presencia equilibrada y<br \/>\nconfortable. Las costuras verticales del respaldo refuerzan su<br \/>\nidentidad est\u00e9tica y aportan ritmo visual, acompa\u00f1ando la forma<br \/>\norg\u00e1nica de la pieza.<\/p>\n","protected":false},"excerpt":{"rendered":"<p>La poltrona Belini se distingue por su dise\u00f1o envolvente y sus vol\u00famenes suaves, que generan una presencia equilibrada y confortable. Las costuras verticales del respaldo refuerzan su identidad est\u00e9tica y aportan ritmo visual, acompa\u00f1ando la forma org\u00e1nica de la pieza.<\/p>\n","protected":false},"featured_media":3863,"comment_status":"closed","ping_status":"closed","template":"","meta":{"_et_pb_use_builder":"","_et_pb_old_content":"","_et_gb_content_width":""},"product_brand":[],"product_cat":[22],"product_tag":[],"class_list":{"0":"post-3859","1":"product","2":"type-product","3":"status-publish","4":"has-post-thumbnail","6":"product_cat-sillones","8":"first","9":"instock","10":"product-type-simple"},"_links":{"self":[{"href":"https:\/\/barsante.com.ar\/disegno\/wp-json\/wp\/v2\/product\/3859","targetHints":{"allow":["GET"]}}],"collection":[{"href":"https:\/\/barsante.com.ar\/disegno\/wp-json\/wp\/v2\/product"}],"about":[{"href":"https:\/\/barsante.com.ar\/disegno\/wp-json\/wp\/v2\/types\/product"}],"replies":[{"embeddable":true,"href":"https:\/\/barsante.com.ar\/disegno\/wp-json\/wp\/v2\/comments?post=3859"}],"wp:featuredmedia":[{"embeddable":true,"href":"https:\/\/barsante.com.ar\/disegno\/wp-json\/wp\/v2\/media\/3863"}],"wp:attachment":[{"href":"https:\/\/barsante.com.ar\/disegno\/wp-json\/wp\/v2\/media?parent=3859"}],"wp:term":[{"taxonomy":"product_brand","embeddable":true,"href":"https:\/\/barsante.com.ar\/disegno\/wp-json\/wp\/v2\/product_brand?post=3859"},{"taxonomy":"product_cat","embeddable":true,"href":"https:\/\/barsante.com.ar\/disegno\/wp-json\/wp\/v2\/product_cat?post=3859"},{"taxonomy":"product_tag","embeddable":true,"href":"https:\/\/barsante.com.ar\/disegno\/wp-json\/wp\/v2\/product_tag?post=3859"}],"curies":[{"name":"wp","href":"https:\/\/api.w.org\/{rel}","templated":true}]}}