{"id":3866,"date":"2026-03-25T18:19:28","date_gmt":"2026-03-25T18:19:28","guid":{"rendered":"http:\/\/barsante.com.ar\/disegno\/?post_type=product&#038;p=3866"},"modified":"2026-03-25T18:31:49","modified_gmt":"2026-03-25T18:31:49","slug":"milo","status":"publish","type":"product","link":"https:\/\/barsante.com.ar\/disegno\/producto\/sillones\/milo\/","title":{"rendered":"MILO"},"content":{"rendered":"<p>La poltrona Milo se caracteriza por la combinaci\u00f3n entre una<br \/>\nestructura met\u00e1lica liviana y un conjunto de almohadones generosos<br \/>\nque definen una est\u00e9tica relajada y contempor\u00e1nea. Sus<br \/>\nvol\u00famenes suaves aportan una sensaci\u00f3n de confort inmediato,<br \/>\nmientras que la base expuesta refuerza su identidad estructural y<br \/>\nequilibrio visual.<\/p>\n","protected":false},"excerpt":{"rendered":"<p>La poltrona Milo se caracteriza por la combinaci\u00f3n entre una estructura met\u00e1lica liviana y un conjunto de almohadones generosos que definen una est\u00e9tica relajada y contempor\u00e1nea. Sus vol\u00famenes suaves aportan una sensaci\u00f3n de confort inmediato, mientras que la base expuesta refuerza su identidad estructural y equilibrio visual.<\/p>\n","protected":false},"featured_media":3869,"comment_status":"closed","ping_status":"closed","template":"","meta":{"_et_pb_use_builder":"","_et_pb_old_content":"","_et_gb_content_width":""},"product_brand":[],"product_cat":[22],"product_tag":[],"class_list":{"0":"post-3866","1":"product","2":"type-product","3":"status-publish","4":"has-post-thumbnail","6":"product_cat-sillones","8":"first","9":"instock","10":"product-type-simple"},"_links":{"self":[{"href":"https:\/\/barsante.com.ar\/disegno\/wp-json\/wp\/v2\/product\/3866","targetHints":{"allow":["GET"]}}],"collection":[{"href":"https:\/\/barsante.com.ar\/disegno\/wp-json\/wp\/v2\/product"}],"about":[{"href":"https:\/\/barsante.com.ar\/disegno\/wp-json\/wp\/v2\/types\/product"}],"replies":[{"embeddable":true,"href":"https:\/\/barsante.com.ar\/disegno\/wp-json\/wp\/v2\/comments?post=3866"}],"wp:featuredmedia":[{"embeddable":true,"href":"https:\/\/barsante.com.ar\/disegno\/wp-json\/wp\/v2\/media\/3869"}],"wp:attachment":[{"href":"https:\/\/barsante.com.ar\/disegno\/wp-json\/wp\/v2\/media?parent=3866"}],"wp:term":[{"taxonomy":"product_brand","embeddable":true,"href":"https:\/\/barsante.com.ar\/disegno\/wp-json\/wp\/v2\/product_brand?post=3866"},{"taxonomy":"product_cat","embeddable":true,"href":"https:\/\/barsante.com.ar\/disegno\/wp-json\/wp\/v2\/product_cat?post=3866"},{"taxonomy":"product_tag","embeddable":true,"href":"https:\/\/barsante.com.ar\/disegno\/wp-json\/wp\/v2\/product_tag?post=3866"}],"curies":[{"name":"wp","href":"https:\/\/api.w.org\/{rel}","templated":true}]}}