{"id":991,"date":"2025-07-22T19:25:37","date_gmt":"2025-07-22T19:25:37","guid":{"rendered":"http:\/\/barsante.com.ar\/disegno\/producto\/sin%20categor\u00eda\/alessandra\/"},"modified":"2026-02-12T12:22:01","modified_gmt":"2026-02-12T12:22:01","slug":"alessandra","status":"publish","type":"product","link":"https:\/\/barsante.com.ar\/disegno\/producto\/sillas\/alessandra\/","title":{"rendered":"alessandra"},"content":{"rendered":"<p>Con un dise\u00f1o atrevido y elegante, la silla Alessandra aporta un toque moderno y sofisticado, combinando funcionalidad y est\u00e9tica de manera \u00fanica. Trazos din\u00e1micos y una estructura ergon\u00f3mica proporcionan no solo un asiento c\u00f3modo, sino tambi\u00e9n un elemento de dise\u00f1o que marca la diferencia.<\/p>\n","protected":false},"excerpt":{"rendered":"<p>Con un dise\u00f1o atrevido y elegante, la silla Alessandra aporta un toque moderno y sofisticado, combinando funcionalidad y est\u00e9tica de manera \u00fanica. Trazos din\u00e1micos y una estructura ergon\u00f3mica proporcionan no solo un asiento c\u00f3modo, sino tambi\u00e9n un elemento de dise\u00f1o que marca la diferencia.<\/p>\n","protected":false},"featured_media":1043,"comment_status":"closed","ping_status":"closed","template":"","meta":{"_et_pb_use_builder":"on","_et_pb_old_content":"Con un dise\u00f1o atrevido y elegante, la silla Alessandra aporta un toque moderno y sofisticado, combinando funcionalidad y est\u00e9tica de manera \u00fanica. Trazos din\u00e1micos y una estructura ergon\u00f3mica proporcionan no solo un asiento c\u00f3modo, sino tambi\u00e9n un elemento de dise\u00f1o que marca la diferencia.","_et_gb_content_width":""},"product_brand":[],"product_cat":[16],"product_tag":[41],"class_list":{"0":"post-991","1":"product","2":"type-product","3":"status-publish","4":"has-post-thumbnail","6":"product_cat-sillas","7":"product_tag-0_fotos","9":"first","10":"instock","11":"product-type-simple"},"_links":{"self":[{"href":"https:\/\/barsante.com.ar\/disegno\/wp-json\/wp\/v2\/product\/991","targetHints":{"allow":["GET"]}}],"collection":[{"href":"https:\/\/barsante.com.ar\/disegno\/wp-json\/wp\/v2\/product"}],"about":[{"href":"https:\/\/barsante.com.ar\/disegno\/wp-json\/wp\/v2\/types\/product"}],"replies":[{"embeddable":true,"href":"https:\/\/barsante.com.ar\/disegno\/wp-json\/wp\/v2\/comments?post=991"}],"wp:featuredmedia":[{"embeddable":true,"href":"https:\/\/barsante.com.ar\/disegno\/wp-json\/wp\/v2\/media\/1043"}],"wp:attachment":[{"href":"https:\/\/barsante.com.ar\/disegno\/wp-json\/wp\/v2\/media?parent=991"}],"wp:term":[{"taxonomy":"product_brand","embeddable":true,"href":"https:\/\/barsante.com.ar\/disegno\/wp-json\/wp\/v2\/product_brand?post=991"},{"taxonomy":"product_cat","embeddable":true,"href":"https:\/\/barsante.com.ar\/disegno\/wp-json\/wp\/v2\/product_cat?post=991"},{"taxonomy":"product_tag","embeddable":true,"href":"https:\/\/barsante.com.ar\/disegno\/wp-json\/wp\/v2\/product_tag?post=991"}],"curies":[{"name":"wp","href":"https:\/\/api.w.org\/{rel}","templated":true}]}}