{"id":993,"date":"2025-07-22T19:25:37","date_gmt":"2025-07-22T19:25:37","guid":{"rendered":"http:\/\/barsante.com.ar\/disegno\/producto\/sin%20categor\u00eda\/amalia\/"},"modified":"2025-12-31T14:50:26","modified_gmt":"2025-12-31T14:50:26","slug":"amalia","status":"publish","type":"product","link":"https:\/\/barsante.com.ar\/disegno\/producto\/sillas\/amalia\/","title":{"rendered":"amalia"},"content":{"rendered":"<p>Con su respaldo ligeramente inclinado y un dise\u00f1o notablemente elegante, la silla Amalia establece una conexi\u00f3n significativa con la cultura china, reflejando valores de belleza y elegancia. Adem\u00e1s, su asociaci\u00f3n con la comodidad la convierte en una elecci\u00f3n ideal para complementar conjuntos de comedor refinados. Transmite una sensaci\u00f3n de calidez, encajando perfectamente tambi\u00e9n en espacios m\u00e1s sencillo.<\/p>\n","protected":false},"excerpt":{"rendered":"<p>Con su respaldo ligeramente inclinado y un dise\u00f1o notablemente elegante, la silla Amalia establece una conexi\u00f3n significativa con la cultura china, reflejando valores de belleza y elegancia. Adem\u00e1s, su asociaci\u00f3n con la comodidad la convierte en una elecci\u00f3n ideal para complementar conjuntos de comedor refinados. Transmite una sensaci\u00f3n de calidez, encajando perfectamente tambi\u00e9n en espacios [&hellip;]<\/p>\n","protected":false},"featured_media":1044,"comment_status":"closed","ping_status":"closed","template":"","meta":{"_et_pb_use_builder":"","_et_pb_old_content":"","_et_gb_content_width":""},"product_brand":[],"product_cat":[16],"product_tag":[44],"class_list":{"0":"post-993","1":"product","2":"type-product","3":"status-publish","4":"has-post-thumbnail","6":"product_cat-sillas","7":"product_tag-5_fotos","9":"first","10":"instock","11":"product-type-simple"},"_links":{"self":[{"href":"https:\/\/barsante.com.ar\/disegno\/wp-json\/wp\/v2\/product\/993","targetHints":{"allow":["GET"]}}],"collection":[{"href":"https:\/\/barsante.com.ar\/disegno\/wp-json\/wp\/v2\/product"}],"about":[{"href":"https:\/\/barsante.com.ar\/disegno\/wp-json\/wp\/v2\/types\/product"}],"replies":[{"embeddable":true,"href":"https:\/\/barsante.com.ar\/disegno\/wp-json\/wp\/v2\/comments?post=993"}],"wp:featuredmedia":[{"embeddable":true,"href":"https:\/\/barsante.com.ar\/disegno\/wp-json\/wp\/v2\/media\/1044"}],"wp:attachment":[{"href":"https:\/\/barsante.com.ar\/disegno\/wp-json\/wp\/v2\/media?parent=993"}],"wp:term":[{"taxonomy":"product_brand","embeddable":true,"href":"https:\/\/barsante.com.ar\/disegno\/wp-json\/wp\/v2\/product_brand?post=993"},{"taxonomy":"product_cat","embeddable":true,"href":"https:\/\/barsante.com.ar\/disegno\/wp-json\/wp\/v2\/product_cat?post=993"},{"taxonomy":"product_tag","embeddable":true,"href":"https:\/\/barsante.com.ar\/disegno\/wp-json\/wp\/v2\/product_tag?post=993"}],"curies":[{"name":"wp","href":"https:\/\/api.w.org\/{rel}","templated":true}]}}