{"id":997,"date":"2025-07-22T19:25:37","date_gmt":"2025-07-22T19:25:37","guid":{"rendered":"http:\/\/barsante.com.ar\/disegno\/producto\/sin%20categor\u00eda\/beningna\/"},"modified":"2025-12-31T15:03:55","modified_gmt":"2025-12-31T15:03:55","slug":"benigna","status":"publish","type":"product","link":"https:\/\/barsante.com.ar\/disegno\/producto\/sillas\/benigna\/","title":{"rendered":"benigna"},"content":{"rendered":"<p>La silla Benigna, resultado de la fusi\u00f3n entre la rica literatura de cordel y el dise\u00f1o contempor\u00e1neo, se presenta como una pieza \u00fanica que inmortaliza las tradiciones heroicas en forma de asiento. Inspirada en las t\u00e9cnicas de vestimenta de los personajes legendarios de la literatura popular, teje una narrativa visual a trav\u00e9s de curvas fluidas y detalles intrincados. Con un fuerte compromiso ambiental, est\u00e1 fabricada con materiales sostenibles, reforzando la conexi\u00f3n entre tradici\u00f3n e innovaci\u00f3n.<\/p>\n","protected":false},"excerpt":{"rendered":"<p>La silla Benigna, resultado de la fusi\u00f3n entre la rica literatura de cordel y el dise\u00f1o contempor\u00e1neo, se presenta como una pieza \u00fanica que inmortaliza las tradiciones heroicas en forma de asiento. Inspirada en las t\u00e9cnicas de vestimenta de los personajes legendarios de la literatura popular, teje una narrativa visual a trav\u00e9s de curvas fluidas [&hellip;]<\/p>\n","protected":false},"featured_media":1047,"comment_status":"closed","ping_status":"closed","template":"","meta":{"_et_pb_use_builder":"","_et_pb_old_content":"","_et_gb_content_width":""},"product_brand":[],"product_cat":[16],"product_tag":[44],"class_list":{"0":"post-997","1":"product","2":"type-product","3":"status-publish","4":"has-post-thumbnail","6":"product_cat-sillas","7":"product_tag-5_fotos","9":"first","10":"instock","11":"product-type-simple"},"_links":{"self":[{"href":"https:\/\/barsante.com.ar\/disegno\/wp-json\/wp\/v2\/product\/997","targetHints":{"allow":["GET"]}}],"collection":[{"href":"https:\/\/barsante.com.ar\/disegno\/wp-json\/wp\/v2\/product"}],"about":[{"href":"https:\/\/barsante.com.ar\/disegno\/wp-json\/wp\/v2\/types\/product"}],"replies":[{"embeddable":true,"href":"https:\/\/barsante.com.ar\/disegno\/wp-json\/wp\/v2\/comments?post=997"}],"wp:featuredmedia":[{"embeddable":true,"href":"https:\/\/barsante.com.ar\/disegno\/wp-json\/wp\/v2\/media\/1047"}],"wp:attachment":[{"href":"https:\/\/barsante.com.ar\/disegno\/wp-json\/wp\/v2\/media?parent=997"}],"wp:term":[{"taxonomy":"product_brand","embeddable":true,"href":"https:\/\/barsante.com.ar\/disegno\/wp-json\/wp\/v2\/product_brand?post=997"},{"taxonomy":"product_cat","embeddable":true,"href":"https:\/\/barsante.com.ar\/disegno\/wp-json\/wp\/v2\/product_cat?post=997"},{"taxonomy":"product_tag","embeddable":true,"href":"https:\/\/barsante.com.ar\/disegno\/wp-json\/wp\/v2\/product_tag?post=997"}],"curies":[{"name":"wp","href":"https:\/\/api.w.org\/{rel}","templated":true}]}}