{"id":998,"date":"2025-07-22T19:25:37","date_gmt":"2025-07-22T19:25:37","guid":{"rendered":"http:\/\/barsante.com.ar\/disegno\/producto\/sin%20categor\u00eda\/bianca\/"},"modified":"2026-02-12T13:49:28","modified_gmt":"2026-02-12T13:49:28","slug":"bianca","status":"publish","type":"product","link":"https:\/\/barsante.com.ar\/disegno\/producto\/sillas\/bianca\/","title":{"rendered":"bianca"},"content":{"rendered":"<p>La silla Bianca te acoge con los brazos abiertos para disfrutar junto a ti de momentos de emoci\u00f3n y placer. Se basa en la tradici\u00f3n del dise\u00f1o escandinavo, reinterpret\u00e1ndola a trav\u00e9s de una visi\u00f3n completamente contempor\u00e1nea. Su estructura est\u00e1 hecha en madera maciza, y el asiento y respaldo son generosamente acolchonados. Gracias a sus proporciones acogedoras y su encanto atemporal, esta silla es sin\u00f3nimo de conexi\u00f3n, permitiendo un v\u00ednculo agradable entre las personas en el ambiente.<\/p>\n","protected":false},"excerpt":{"rendered":"<p>La silla Bianca te acoge con los brazos abiertos para disfrutar junto a ti de momentos de emoci\u00f3n y placer. Se basa en la tradici\u00f3n del dise\u00f1o escandinavo, reinterpret\u00e1ndola a trav\u00e9s de una visi\u00f3n completamente contempor\u00e1nea. Su estructura est\u00e1 hecha en madera maciza, y el asiento y respaldo son generosamente acolchonados. Gracias a sus proporciones [&hellip;]<\/p>\n","protected":false},"featured_media":3086,"comment_status":"closed","ping_status":"closed","template":"","meta":{"_et_pb_use_builder":"","_et_pb_old_content":"","_et_gb_content_width":""},"product_brand":[],"product_cat":[16],"product_tag":[44],"class_list":{"0":"post-998","1":"product","2":"type-product","3":"status-publish","4":"has-post-thumbnail","6":"product_cat-sillas","7":"product_tag-5_fotos","9":"first","10":"instock","11":"product-type-simple"},"_links":{"self":[{"href":"https:\/\/barsante.com.ar\/disegno\/wp-json\/wp\/v2\/product\/998","targetHints":{"allow":["GET"]}}],"collection":[{"href":"https:\/\/barsante.com.ar\/disegno\/wp-json\/wp\/v2\/product"}],"about":[{"href":"https:\/\/barsante.com.ar\/disegno\/wp-json\/wp\/v2\/types\/product"}],"replies":[{"embeddable":true,"href":"https:\/\/barsante.com.ar\/disegno\/wp-json\/wp\/v2\/comments?post=998"}],"wp:featuredmedia":[{"embeddable":true,"href":"https:\/\/barsante.com.ar\/disegno\/wp-json\/wp\/v2\/media\/3086"}],"wp:attachment":[{"href":"https:\/\/barsante.com.ar\/disegno\/wp-json\/wp\/v2\/media?parent=998"}],"wp:term":[{"taxonomy":"product_brand","embeddable":true,"href":"https:\/\/barsante.com.ar\/disegno\/wp-json\/wp\/v2\/product_brand?post=998"},{"taxonomy":"product_cat","embeddable":true,"href":"https:\/\/barsante.com.ar\/disegno\/wp-json\/wp\/v2\/product_cat?post=998"},{"taxonomy":"product_tag","embeddable":true,"href":"https:\/\/barsante.com.ar\/disegno\/wp-json\/wp\/v2\/product_tag?post=998"}],"curies":[{"name":"wp","href":"https:\/\/api.w.org\/{rel}","templated":true}]}}